{"id":6891,"date":"2024-01-14T18:49:57","date_gmt":"2024-01-14T17:49:57","guid":{"rendered":"http:\/\/www.aphr.fr\/?page_id=6891"},"modified":"2025-02-28T11:13:14","modified_gmt":"2025-02-28T10:13:14","slug":"carte-pass-tarif","status":"publish","type":"page","link":"https:\/\/www.aphr.fr\/?page_id=6891","title":{"rendered":"Carte Pass Tarif"},"content":{"rendered":"\n<figure class=\"wp-block-table is-style-regular\"><table><tbody><tr><td class=\"has-text-align-center\" data-align=\"center\"><p align=\"center\"><strong>AGENTS DU CH du Rouvray<\/strong><\/p> <p align=\"center\">Carte Pass A.P.H.R. :\u00a0<strong>3.00\u00a0\u20ac<\/strong><\/p><\/td><\/tr><tr><td class=\"has-text-align-center\" data-align=\"center\"><p align=\"center\"><strong>AGENTS Actifs des \u00e9tablissements g\u00e9r\u00e9s par le CH Rouvray<\/strong><\/p> <p align=\"center\">Carte Pass A.P.H.R. :\u00a05<strong>.00\u00a0\u20ac<\/strong><\/p><\/td><\/tr><tr><td class=\"has-text-align-center\" data-align=\"center\"><p align=\"center\"><strong>RETRAITES DU CH du Rouvray<\/strong><\/p> <p>Carte Pass + cotisation A.P.H.R. :\u00a0<strong>15.00\u00a0\u20ac<\/strong><\/p><\/td><\/tr><tr><td class=\"has-text-align-center\" data-align=\"center\"><p align=\"center\"><strong>AYANTS DROIT CH Rouvray<br><\/strong>(conjoints et enfants + 18 ans)<\/p> <p>Carte Pass A.P.H.R. :\u00a0<strong>18 \u20ac<\/strong><\/p><\/td><\/tr><tr><td class=\"has-text-align-center\" data-align=\"center\"><p align=\"center\"><strong>EXTERIEURS<\/strong><\/p> (actifs, retrait\u00e9s, ayants droits et retrait\u00e9s des \u00e9tablissements g\u00e9r\u00e9s par le CH Rouvray, autres \u00e9tablissements hospitalier)<p align=\"center\"><\/p><p>Carte Pass : <strong>21.00\u00a0\u20ac<\/strong><\/p><\/td><\/tr><\/tbody><\/table><\/figure>\n","protected":false},"excerpt":{"rendered":"<p>AGENTS DU CH du Rouvray Carte Pass A.P.H.R. :\u00a03.00\u00a0\u20ac AGENTS Actifs des \u00e9tablissements g\u00e9r\u00e9s par le CH Rouvray Carte Pass A.P.H.R. :\u00a05.00\u00a0\u20ac RETRAITES DU CH du Rouvray Carte Pass + [&hellip;]<\/p>\n","protected":false},"author":8,"featured_media":0,"parent":0,"menu_order":0,"comment_status":"closed","ping_status":"closed","template":"","meta":{"footnotes":""},"class_list":["post-6891","page","type-page","status-publish","hentry"],"jetpack_sharing_enabled":true,"_links":{"self":[{"href":"https:\/\/www.aphr.fr\/index.php?rest_route=\/wp\/v2\/pages\/6891","targetHints":{"allow":["GET"]}}],"collection":[{"href":"https:\/\/www.aphr.fr\/index.php?rest_route=\/wp\/v2\/pages"}],"about":[{"href":"https:\/\/www.aphr.fr\/index.php?rest_route=\/wp\/v2\/types\/page"}],"author":[{"embeddable":true,"href":"https:\/\/www.aphr.fr\/index.php?rest_route=\/wp\/v2\/users\/8"}],"replies":[{"embeddable":true,"href":"https:\/\/www.aphr.fr\/index.php?rest_route=%2Fwp%2Fv2%2Fcomments&post=6891"}],"version-history":[{"count":3,"href":"https:\/\/www.aphr.fr\/index.php?rest_route=\/wp\/v2\/pages\/6891\/revisions"}],"predecessor-version":[{"id":7231,"href":"https:\/\/www.aphr.fr\/index.php?rest_route=\/wp\/v2\/pages\/6891\/revisions\/7231"}],"wp:attachment":[{"href":"https:\/\/www.aphr.fr\/index.php?rest_route=%2Fwp%2Fv2%2Fmedia&parent=6891"}],"curies":[{"name":"wp","href":"https:\/\/api.w.org\/{rel}","templated":true}]}}