{"id":6266,"date":"2022-01-12T17:42:59","date_gmt":"2022-01-12T16:42:59","guid":{"rendered":"http:\/\/www.aphr.fr\/?page_id=6266"},"modified":"2022-01-12T17:43:00","modified_gmt":"2022-01-12T16:43:00","slug":"reparations-automobiles","status":"publish","type":"page","link":"https:\/\/www.aphr.fr\/?page_id=6266","title":{"rendered":"R\u00e9parations Automobiles"},"content":{"rendered":"\n<div class=\"wp-block-image\"><figure class=\"aligncenter size-large\"><a href=\"https:\/\/www.aphr.fr\/wp-content\/uploads\/2022\/01\/Euromaster.jpg\"><img loading=\"lazy\" decoding=\"async\" width=\"633\" height=\"675\" src=\"https:\/\/www.aphr.fr\/wp-content\/uploads\/2022\/01\/Euromaster-633x675.jpg\" alt=\"\" class=\"wp-image-6267\"\/><\/a><\/figure><\/div>\n\n\n\n<div class=\"wp-block-group\"><div class=\"wp-block-group__inner-container is-layout-flow wp-block-group-is-layout-flow\">\n<figure class=\"wp-block-table is-style-regular\"><table><tbody><tr><td class=\"has-text-align-center\" data-align=\"center\"><img decoding=\"async\" src=\"https:\/\/www.aphr.fr\/wp-content\/uploads\/2009\/09\/AHN86JNCA7LASZVCA42TV5PCAMBIYVQCAJPX1Z6CARJNGLXCA3FXY1CCAJC3P26CAL1BLN8CAS2VLWKCA5X7U86CAO7DCRWC1.jpg\" alt=\"https:\/\/www.aphr.fr\/wp-content\/uploads\/2009\/09\/AHN86JNCA7LASZVCA42TV5PCAMBIYVQCAJPX1Z6CARJNGLXCA3FXY1CCAJC3P26CAL1BLN8CAS2VLWKCA5X7U86CAO7DCRWC1.jpg\"><\/td><td class=\"has-text-align-center\" data-align=\"center\"><strong>GARAGE des Ecoles<\/strong><br><strong>180-269 rue de Paris<br>195, rue de la R\u00e9publique<br>76800 St Etienne du R.<\/strong><\/td><\/tr><\/tbody><\/table><\/figure>\n\n\n\n<p class=\"has-text-align-center\">(15, grande rue de Quatre-Mares -Sotteville l\u00e8s Rouen)<br>Remise de<strong> 5 \u00e0 15 %<\/strong><br>sur toutes les pi\u00e8ces renault<\/p>\n<\/div><\/div>\n\n\n\n<div class=\"wp-block-group\"><div class=\"wp-block-group__inner-container is-layout-flow wp-block-group-is-layout-flow\">\n<figure class=\"wp-block-table is-style-regular\"><table><tbody><tr><td class=\"has-text-align-center\" data-align=\"center\"><strong>Les\u00a0Garages<\/strong><br><strong>Renault<\/strong><\/td><td class=\"has-text-align-center\" data-align=\"center\"><img decoding=\"async\" src=\"https:\/\/www.aphr.fr\/wp-content\/uploads\/2009\/09\/AHN86JNCA7LASZVCA42TV5PCAMBIYVQCAJPX1Z6CARJNGLXCA3FXY1CCAJC3P26CAL1BLN8CAS2VLWKCA5X7U86CAO7DCRWC1.jpg\" alt=\"https:\/\/www.aphr.fr\/wp-content\/uploads\/2009\/09\/AHN86JNCA7LASZVCA42TV5PCAMBIYVQCAJPX1Z6CARJNGLXCA3FXY1CCAJC3P26CAL1BLN8CAS2VLWKCA5X7U86CAO7DCRWC1.jpg\"><\/td><\/tr><\/tbody><\/table><\/figure>\n\n\n\n<p class=\"has-text-align-center\">jusqu\u2019\u00e0<br><strong>\u201320%<\/strong> sur les pi\u00e8ces m\u00e9caniques et de carrosserie<br><strong>\u00a0\u00a0\u00a0\u00a0\u00a0\u00a0\u00a0\u00a0\u00a0\u00a0\u00a0\u00a0\u00a0\u00a0\u00a0 \u2013 15%<\/strong> sur la main d\u2019\u0153uvre et le contr\u00f4le technique<br><strong>\u00a0\u00a0\u00a0\u00a0\u00a0\u00a0\u00a0 \u2013 25%<\/strong> sur la climatisation<\/p>\n\n\n\n<figure class=\"wp-block-table is-style-regular\"><table><tbody><tr><td class=\"has-text-align-center\" data-align=\"center\"><strong>Garage JACQUET<br>St Jacques \/ Darn\u00e9tal<br>T\u00e9l : 02 35 23 50 20<\/strong>\u00a0<\/td><td class=\"has-text-align-center\" data-align=\"center\"><strong>Garage<\/strong><br><strong>LONGUEMARE\u00a0<\/strong><br><strong>Sotteville l\u00e8s Rouen<br>T\u00e9l :<br>02 35 72 27 91<\/strong><\/td><\/tr><\/tbody><\/table><\/figure>\n<\/div><\/div>\n","protected":false},"excerpt":{"rendered":"<p>GARAGE des Ecoles180-269 rue de Paris195, rue de la R\u00e9publique76800 St Etienne du R. (15, grande rue de Quatre-Mares -Sotteville l\u00e8s Rouen)Remise de 5 \u00e0 15 %sur toutes les pi\u00e8ces [&hellip;]<\/p>\n","protected":false},"author":8,"featured_media":0,"parent":0,"menu_order":0,"comment_status":"closed","ping_status":"closed","template":"","meta":{"footnotes":""},"class_list":["post-6266","page","type-page","status-publish","hentry"],"jetpack_sharing_enabled":true,"_links":{"self":[{"href":"https:\/\/www.aphr.fr\/index.php?rest_route=\/wp\/v2\/pages\/6266","targetHints":{"allow":["GET"]}}],"collection":[{"href":"https:\/\/www.aphr.fr\/index.php?rest_route=\/wp\/v2\/pages"}],"about":[{"href":"https:\/\/www.aphr.fr\/index.php?rest_route=\/wp\/v2\/types\/page"}],"author":[{"embeddable":true,"href":"https:\/\/www.aphr.fr\/index.php?rest_route=\/wp\/v2\/users\/8"}],"replies":[{"embeddable":true,"href":"https:\/\/www.aphr.fr\/index.php?rest_route=%2Fwp%2Fv2%2Fcomments&post=6266"}],"version-history":[{"count":1,"href":"https:\/\/www.aphr.fr\/index.php?rest_route=\/wp\/v2\/pages\/6266\/revisions"}],"predecessor-version":[{"id":6268,"href":"https:\/\/www.aphr.fr\/index.php?rest_route=\/wp\/v2\/pages\/6266\/revisions\/6268"}],"wp:attachment":[{"href":"https:\/\/www.aphr.fr\/index.php?rest_route=%2Fwp%2Fv2%2Fmedia&parent=6266"}],"curies":[{"name":"wp","href":"https:\/\/api.w.org\/{rel}","templated":true}]}}