{"id":5824,"date":"2021-06-06T18:10:39","date_gmt":"2021-06-06T17:10:39","guid":{"rendered":"http:\/\/www.aphr.fr\/?page_id=5824"},"modified":"2026-04-13T15:25:05","modified_gmt":"2026-04-13T14:25:05","slug":"petanque","status":"publish","type":"page","link":"https:\/\/www.aphr.fr\/?page_id=5824","title":{"rendered":"P\u00e9tanque"},"content":{"rendered":"\n<div class=\"wp-block-columns is-layout-flex wp-container-core-columns-is-layout-9d6595d7 wp-block-columns-is-layout-flex\">\n<div class=\"wp-block-column is-layout-flow wp-block-column-is-layout-flow\" style=\"flex-basis:100%\">\n<div class=\"wp-block-group alignwide\"><div class=\"wp-block-group__inner-container is-layout-flow wp-block-group-is-layout-flow\">\n<div class=\"wp-block-media-text alignwide is-stacked-on-mobile is-vertically-aligned-center\" style=\"grid-template-columns:19% auto\"><figure class=\"wp-block-media-text__media\"><img loading=\"lazy\" decoding=\"async\" width=\"296\" height=\"362\" src=\"https:\/\/www.aphr.fr\/wp-content\/uploads\/2021\/06\/logopetanque.jpg\" alt=\"\" class=\"wp-image-5817 size-full\"\/><\/figure><div class=\"wp-block-media-text__content\">\n<p style=\"font-size:28px\"><em>Responsable :&nbsp;M GUEZOU Pascal<\/em><\/p>\n\n\n\n<p>06.67.83.84.59 (T\u00e9l\u00e9phoner apr\u00e8s 17h00)<\/p>\n<\/div><\/div>\n<\/div><\/div>\n<\/div>\n<\/div>\n\n\n\n<figure class=\"wp-block-table\"><table class=\"has-background has-fixed-layout\" style=\"background-color:#e7f5fe\"><tbody><tr><td><strong>Tarifs<\/strong><\/td><td><\/td><\/tr><tr><td>Actifs <\/td><td>30.00 \u20acuros <\/td><\/tr><tr><td><em>&nbsp;Retrait\u00e9s CHR et Ayant Droit<\/em><\/td><td>30.00 \u20acuros <\/td><\/tr><tr><td>Actif des \u00e9tablissements g\u00e9r\u00e9 par le CHR<\/td><td>30.00 \u20acuros<\/td><\/tr><tr><td>Ext\u00e9rieurs et autres \u00e9tablissements<\/td><td>40.00 \u20acuro <\/td><\/tr><\/tbody><\/table><\/figure>\n\n\n\n<div class=\"wp-block-columns is-layout-flex wp-container-core-columns-is-layout-9d6595d7 wp-block-columns-is-layout-flex\">\n<div class=\"wp-block-column is-layout-flow wp-block-column-is-layout-flow\" style=\"flex-basis:100%\">\n<figure class=\"wp-block-table\"><table class=\"has-fixed-layout\"><tbody><tr><td class=\"has-text-align-center\" data-align=\"center\">Jours<\/td><td class=\"has-text-align-center\" data-align=\"center\">mardi<\/td><td class=\"has-text-align-center\" data-align=\"center\">Jeudi<\/td><\/tr><tr><td class=\"has-text-align-center\" data-align=\"center\">Heures<\/td><td class=\"has-text-align-center\" data-align=\"center\">17h30 <\/td><td class=\"has-text-align-center\" data-align=\"center\">16h30<\/td><\/tr><\/tbody><\/table><\/figure>\n<\/div>\n<\/div>\n\n\n\n<figure class=\"wp-block-table\"><table class=\"has-fixed-layout\"><tbody><tr><td class=\"has-text-align-center\" data-align=\"center\">Lieu   <\/td><td class=\"has-text-align-center\" data-align=\"center\">terrain des ateliers m\u00e9dicaux CH Rouvray<\/td><\/tr><\/tbody><\/table><\/figure>\n\n\n<div class=\"wp-block-image\">\n<figure class=\"aligncenter size-large\"><a href=\"https:\/\/www.aphr.fr\/wp-content\/uploads\/2025\/03\/section-petanque-2025.jpg\"><img loading=\"lazy\" decoding=\"async\" width=\"1080\" height=\"675\" src=\"https:\/\/www.aphr.fr\/wp-content\/uploads\/2025\/03\/section-petanque-2025-1080x675.jpg\" alt=\"\" class=\"wp-image-7245\"\/><\/a><\/figure>\n<\/div>\n\n\n<h2 class=\"wp-block-heading has-text-align-center\">Les concours<\/h2>\n\n\n<div class=\"wp-block-image\">\n<figure class=\"aligncenter size-full\"><a href=\"https:\/\/www.aphr.fr\/wp-content\/uploads\/2026\/04\/affiche-saison-petanque.png\"><img loading=\"lazy\" decoding=\"async\" width=\"1414\" height=\"2000\" src=\"https:\/\/www.aphr.fr\/wp-content\/uploads\/2026\/04\/affiche-saison-petanque.png\" alt=\"\" class=\"wp-image-7691\" srcset=\"https:\/\/www.aphr.fr\/wp-content\/uploads\/2026\/04\/affiche-saison-petanque.png 1414w, https:\/\/www.aphr.fr\/wp-content\/uploads\/2026\/04\/affiche-saison-petanque-768x1086.png 768w, https:\/\/www.aphr.fr\/wp-content\/uploads\/2026\/04\/affiche-saison-petanque-1086x1536.png 1086w\" sizes=\"auto, (max-width: 1414px) 100vw, 1414px\" \/><\/a><\/figure>\n<\/div>\n\n\n<div class=\"wp-block-columns is-layout-flex wp-container-core-columns-is-layout-9d6595d7 wp-block-columns-is-layout-flex\">\n<div class=\"wp-block-column is-layout-flow wp-block-column-is-layout-flow\">\n<figure class=\"wp-block-image size-full\"><a href=\"https:\/\/www.aphr.fr\/wp-content\/uploads\/2026\/04\/concours-petanque-du-18-avril-2026.png\"><img loading=\"lazy\" decoding=\"async\" width=\"1587\" height=\"2245\" src=\"https:\/\/www.aphr.fr\/wp-content\/uploads\/2026\/04\/concours-petanque-du-18-avril-2026.png\" alt=\"\" class=\"wp-image-7693\" srcset=\"https:\/\/www.aphr.fr\/wp-content\/uploads\/2026\/04\/concours-petanque-du-18-avril-2026.png 1587w, https:\/\/www.aphr.fr\/wp-content\/uploads\/2026\/04\/concours-petanque-du-18-avril-2026-768x1086.png 768w, https:\/\/www.aphr.fr\/wp-content\/uploads\/2026\/04\/concours-petanque-du-18-avril-2026-1086x1536.png 1086w, https:\/\/www.aphr.fr\/wp-content\/uploads\/2026\/04\/concours-petanque-du-18-avril-2026-1448x2048.png 1448w\" sizes=\"auto, (max-width: 1587px) 100vw, 1587px\" \/><\/a><\/figure>\n<\/div>\n\n\n\n<div class=\"wp-block-column is-layout-flow wp-block-column-is-layout-flow\">\n<figure class=\"wp-block-image size-full\"><a href=\"https:\/\/www.aphr.fr\/wp-content\/uploads\/2026\/04\/concours-petanque-30-mai-2026.png\"><img loading=\"lazy\" decoding=\"async\" width=\"1414\" height=\"2000\" src=\"https:\/\/www.aphr.fr\/wp-content\/uploads\/2026\/04\/concours-petanque-30-mai-2026.png\" alt=\"\" class=\"wp-image-7695\" srcset=\"https:\/\/www.aphr.fr\/wp-content\/uploads\/2026\/04\/concours-petanque-30-mai-2026.png 1414w, https:\/\/www.aphr.fr\/wp-content\/uploads\/2026\/04\/concours-petanque-30-mai-2026-768x1086.png 768w, https:\/\/www.aphr.fr\/wp-content\/uploads\/2026\/04\/concours-petanque-30-mai-2026-1086x1536.png 1086w\" sizes=\"auto, (max-width: 1414px) 100vw, 1414px\" \/><\/a><\/figure>\n<\/div>\n\n\n\n<div class=\"wp-block-column is-layout-flow wp-block-column-is-layout-flow\">\n<figure class=\"wp-block-image size-full\"><a href=\"https:\/\/www.aphr.fr\/wp-content\/uploads\/2026\/04\/concours-petanque-du-20-juin-2026.png\"><img loading=\"lazy\" decoding=\"async\" width=\"1414\" height=\"2000\" src=\"https:\/\/www.aphr.fr\/wp-content\/uploads\/2026\/04\/concours-petanque-du-20-juin-2026.png\" alt=\"\" class=\"wp-image-7696\" srcset=\"https:\/\/www.aphr.fr\/wp-content\/uploads\/2026\/04\/concours-petanque-du-20-juin-2026.png 1414w, https:\/\/www.aphr.fr\/wp-content\/uploads\/2026\/04\/concours-petanque-du-20-juin-2026-768x1086.png 768w, https:\/\/www.aphr.fr\/wp-content\/uploads\/2026\/04\/concours-petanque-du-20-juin-2026-1086x1536.png 1086w\" sizes=\"auto, (max-width: 1414px) 100vw, 1414px\" \/><\/a><\/figure>\n<\/div>\n<\/div>\n\n\n\n<div class=\"wp-block-columns is-layout-flex wp-container-core-columns-is-layout-9d6595d7 wp-block-columns-is-layout-flex\">\n<div class=\"wp-block-column is-layout-flow wp-block-column-is-layout-flow\">\n<figure class=\"wp-block-image size-full\" id=\"Concours\"><a href=\"https:\/\/www.aphr.fr\/wp-content\/uploads\/2026\/04\/concours-petanque-4-juillet-2026.png\"><img loading=\"lazy\" decoding=\"async\" width=\"1414\" height=\"2000\" src=\"https:\/\/www.aphr.fr\/wp-content\/uploads\/2026\/04\/concours-petanque-4-juillet-2026.png\" alt=\"\" class=\"wp-image-7697\" srcset=\"https:\/\/www.aphr.fr\/wp-content\/uploads\/2026\/04\/concours-petanque-4-juillet-2026.png 1414w, https:\/\/www.aphr.fr\/wp-content\/uploads\/2026\/04\/concours-petanque-4-juillet-2026-768x1086.png 768w, https:\/\/www.aphr.fr\/wp-content\/uploads\/2026\/04\/concours-petanque-4-juillet-2026-1086x1536.png 1086w\" sizes=\"auto, (max-width: 1414px) 100vw, 1414px\" \/><\/a><\/figure>\n<\/div>\n\n\n\n<div class=\"wp-block-column is-layout-flow wp-block-column-is-layout-flow\">\n<figure class=\"wp-block-image size-full\"><a href=\"https:\/\/www.aphr.fr\/wp-content\/uploads\/2026\/04\/concours-petanque-1-aout-2026.png\"><img loading=\"lazy\" decoding=\"async\" width=\"1414\" height=\"2000\" src=\"https:\/\/www.aphr.fr\/wp-content\/uploads\/2026\/04\/concours-petanque-1-aout-2026.png\" alt=\"\" class=\"wp-image-7698\" srcset=\"https:\/\/www.aphr.fr\/wp-content\/uploads\/2026\/04\/concours-petanque-1-aout-2026.png 1414w, https:\/\/www.aphr.fr\/wp-content\/uploads\/2026\/04\/concours-petanque-1-aout-2026-768x1086.png 768w, https:\/\/www.aphr.fr\/wp-content\/uploads\/2026\/04\/concours-petanque-1-aout-2026-1086x1536.png 1086w\" sizes=\"auto, (max-width: 1414px) 100vw, 1414px\" \/><\/a><\/figure>\n<\/div>\n\n\n\n<div class=\"wp-block-column is-layout-flow wp-block-column-is-layout-flow\">\n<figure class=\"wp-block-image size-full\"><a href=\"https:\/\/www.aphr.fr\/wp-content\/uploads\/2026\/04\/concours-petanque-du-5-septembre-2026.png\"><img loading=\"lazy\" decoding=\"async\" width=\"1587\" height=\"2245\" src=\"https:\/\/www.aphr.fr\/wp-content\/uploads\/2026\/04\/concours-petanque-du-5-septembre-2026.png\" alt=\"\" class=\"wp-image-7699\" srcset=\"https:\/\/www.aphr.fr\/wp-content\/uploads\/2026\/04\/concours-petanque-du-5-septembre-2026.png 1587w, https:\/\/www.aphr.fr\/wp-content\/uploads\/2026\/04\/concours-petanque-du-5-septembre-2026-768x1086.png 768w, https:\/\/www.aphr.fr\/wp-content\/uploads\/2026\/04\/concours-petanque-du-5-septembre-2026-1086x1536.png 1086w, https:\/\/www.aphr.fr\/wp-content\/uploads\/2026\/04\/concours-petanque-du-5-septembre-2026-1448x2048.png 1448w\" sizes=\"auto, (max-width: 1587px) 100vw, 1587px\" \/><\/a><\/figure>\n<\/div>\n<\/div>\n\n\n\n<div class=\"wp-block-columns is-layout-flex wp-container-core-columns-is-layout-9d6595d7 wp-block-columns-is-layout-flex\">\n<div class=\"wp-block-column is-layout-flow wp-block-column-is-layout-flow\">\n<figure class=\"wp-block-image size-full\"><a href=\"https:\/\/www.aphr.fr\/wp-content\/uploads\/2026\/04\/concours-petanque-26-septembre-2026.png\"><img loading=\"lazy\" decoding=\"async\" width=\"1414\" height=\"2000\" src=\"https:\/\/www.aphr.fr\/wp-content\/uploads\/2026\/04\/concours-petanque-26-septembre-2026.png\" alt=\"\" class=\"wp-image-7700\" srcset=\"https:\/\/www.aphr.fr\/wp-content\/uploads\/2026\/04\/concours-petanque-26-septembre-2026.png 1414w, https:\/\/www.aphr.fr\/wp-content\/uploads\/2026\/04\/concours-petanque-26-septembre-2026-768x1086.png 768w, https:\/\/www.aphr.fr\/wp-content\/uploads\/2026\/04\/concours-petanque-26-septembre-2026-1086x1536.png 1086w\" sizes=\"auto, (max-width: 1414px) 100vw, 1414px\" \/><\/a><\/figure>\n<\/div>\n\n\n\n<div class=\"wp-block-column is-layout-flow wp-block-column-is-layout-flow\">\n<figure class=\"wp-block-image size-full\"><a href=\"https:\/\/www.aphr.fr\/wp-content\/uploads\/2026\/04\/concours-petanque-du-10-octobre-2026.png\"><img loading=\"lazy\" decoding=\"async\" width=\"1414\" height=\"2000\" src=\"https:\/\/www.aphr.fr\/wp-content\/uploads\/2026\/04\/concours-petanque-du-10-octobre-2026.png\" alt=\"\" class=\"wp-image-7701\" srcset=\"https:\/\/www.aphr.fr\/wp-content\/uploads\/2026\/04\/concours-petanque-du-10-octobre-2026.png 1414w, https:\/\/www.aphr.fr\/wp-content\/uploads\/2026\/04\/concours-petanque-du-10-octobre-2026-768x1086.png 768w, https:\/\/www.aphr.fr\/wp-content\/uploads\/2026\/04\/concours-petanque-du-10-octobre-2026-1086x1536.png 1086w\" sizes=\"auto, (max-width: 1414px) 100vw, 1414px\" \/><\/a><\/figure>\n<\/div>\n\n\n\n<div class=\"wp-block-column is-layout-flow wp-block-column-is-layout-flow\">\n<figure class=\"wp-block-image size-full\"><a href=\"https:\/\/www.aphr.fr\/wp-content\/uploads\/2026\/04\/concours-petanque-31-octobre-2026.png\"><img loading=\"lazy\" decoding=\"async\" width=\"1414\" height=\"2000\" src=\"https:\/\/www.aphr.fr\/wp-content\/uploads\/2026\/04\/concours-petanque-31-octobre-2026.png\" alt=\"\" class=\"wp-image-7702\" srcset=\"https:\/\/www.aphr.fr\/wp-content\/uploads\/2026\/04\/concours-petanque-31-octobre-2026.png 1414w, https:\/\/www.aphr.fr\/wp-content\/uploads\/2026\/04\/concours-petanque-31-octobre-2026-768x1086.png 768w, https:\/\/www.aphr.fr\/wp-content\/uploads\/2026\/04\/concours-petanque-31-octobre-2026-1086x1536.png 1086w\" sizes=\"auto, (max-width: 1414px) 100vw, 1414px\" \/><\/a><\/figure>\n<\/div>\n<\/div>\n","protected":false},"excerpt":{"rendered":"<p>Responsable :&nbsp;M GUEZOU Pascal 06.67.83.84.59 (T\u00e9l\u00e9phoner apr\u00e8s 17h00) Tarifs Actifs 30.00 \u20acuros &nbsp;Retrait\u00e9s CHR et Ayant Droit 30.00 \u20acuros Actif des \u00e9tablissements g\u00e9r\u00e9 par le CHR 30.00 \u20acuros Ext\u00e9rieurs et [&hellip;]<\/p>\n","protected":false},"author":8,"featured_media":0,"parent":0,"menu_order":0,"comment_status":"closed","ping_status":"closed","template":"","meta":{"footnotes":""},"class_list":["post-5824","page","type-page","status-publish","hentry"],"jetpack_sharing_enabled":true,"_links":{"self":[{"href":"https:\/\/www.aphr.fr\/index.php?rest_route=\/wp\/v2\/pages\/5824","targetHints":{"allow":["GET"]}}],"collection":[{"href":"https:\/\/www.aphr.fr\/index.php?rest_route=\/wp\/v2\/pages"}],"about":[{"href":"https:\/\/www.aphr.fr\/index.php?rest_route=\/wp\/v2\/types\/page"}],"author":[{"embeddable":true,"href":"https:\/\/www.aphr.fr\/index.php?rest_route=\/wp\/v2\/users\/8"}],"replies":[{"embeddable":true,"href":"https:\/\/www.aphr.fr\/index.php?rest_route=%2Fwp%2Fv2%2Fcomments&post=5824"}],"version-history":[{"count":15,"href":"https:\/\/www.aphr.fr\/index.php?rest_route=\/wp\/v2\/pages\/5824\/revisions"}],"predecessor-version":[{"id":7704,"href":"https:\/\/www.aphr.fr\/index.php?rest_route=\/wp\/v2\/pages\/5824\/revisions\/7704"}],"wp:attachment":[{"href":"https:\/\/www.aphr.fr\/index.php?rest_route=%2Fwp%2Fv2%2Fmedia&parent=5824"}],"curies":[{"name":"wp","href":"https:\/\/api.w.org\/{rel}","templated":true}]}}