{"id":5798,"date":"2021-06-06T17:33:36","date_gmt":"2021-06-06T16:33:36","guid":{"rendered":"http:\/\/www.aphr.fr\/?page_id=5798"},"modified":"2026-02-09T19:35:37","modified_gmt":"2026-02-09T18:35:37","slug":"yoga","status":"publish","type":"page","link":"https:\/\/www.aphr.fr\/?page_id=5798","title":{"rendered":"Yoga"},"content":{"rendered":"<div class=\"wp-block-image\">\n<figure class=\"aligncenter size-large\"><a href=\"https:\/\/www.aphr.fr\/wp-content\/uploads\/2021\/06\/logoyoga.jpg\"><img loading=\"lazy\" decoding=\"async\" width=\"202\" height=\"133\" src=\"https:\/\/www.aphr.fr\/wp-content\/uploads\/2021\/06\/logoyoga.jpg\" alt=\"\" class=\"wp-image-5799\"\/><\/a><\/figure>\n<\/div>\n\n\n<h2 class=\"wp-block-heading has-text-align-center\">Lundi De 17h30 \u00e0 19h00<br>OU<br>Vendredi De 17h30 \u00e0 19h00<\/h2>\n\n\n\n<p><strong>Bonjour,<\/strong><\/p>\n\n\n\n<p><strong>Tout d\u2019abord, nous esp\u00e9rons que vous et vos proches vous vous portez bien et que cette p\u00e9riode in\u00e9dite et tr\u00e8s compliqu\u00e9e se passe le moins difficilement possible pour vous.<\/strong><\/p>\n\n\n\n<div class=\"wp-block-jetpack-tiled-gallery aligncenter is-style-rectangular\"><div class=\"tiled-gallery__gallery\"><div class=\"tiled-gallery__row\"><div class=\"tiled-gallery__col\" style=\"flex-basis:36.81763%\"><figure class=\"tiled-gallery__item\"><img decoding=\"async\" srcset=\"https:\/\/i2.wp.com\/www.aphr.fr\/wp-content\/uploads\/2021\/06\/images.jpg?strip=info&#038;w=225 225w\" alt=\"\" data-height=\"225\" data-id=\"5806\" data-link=\"https:\/\/www.aphr.fr\/?attachment_id=5806\" data-url=\"https:\/\/www.aphr.fr\/wp-content\/uploads\/2021\/06\/images.jpg\" data-width=\"225\" src=\"https:\/\/i2.wp.com\/www.aphr.fr\/wp-content\/uploads\/2021\/06\/images.jpg\" data-amp-layout=\"responsive\"\/><\/figure><\/div><div class=\"tiled-gallery__col\" style=\"flex-basis:63.18237%\"><figure class=\"tiled-gallery__item\"><img decoding=\"async\" srcset=\"https:\/\/i2.wp.com\/www.aphr.fr\/wp-content\/uploads\/2021\/06\/images2.jpg?strip=info&#038;w=294 294w\" alt=\"\" data-height=\"171\" data-id=\"5809\" data-link=\"https:\/\/www.aphr.fr\/?attachment_id=5809\" data-url=\"https:\/\/www.aphr.fr\/wp-content\/uploads\/2021\/06\/images2.jpg\" data-width=\"294\" src=\"https:\/\/i2.wp.com\/www.aphr.fr\/wp-content\/uploads\/2021\/06\/images2.jpg\" data-amp-layout=\"responsive\"\/><\/figure><\/div><\/div><\/div><\/div>\n\n\n\n<p><strong>Tarifs 2025 :<br>\u25a1 <\/strong>Actifs CHR : 66,00\u20ac (dont 3,00\u20ac carte APHR)<br>\u25a1Retrait\u00e9s CHR : 66,00\u20ac (dont 15,00\u20ac carte APHR)<br>\u25a1 Ayants-droit : 66,00\u20ac (dont 18,00\u20ac carte APHR)<br>\u25a1 Bois Petit : 66,00\u20ac (dont 5,00\u20ac carte APHR)<br>\u25a1 Ext\u00e9rieurs : 70,00\u20ac (dont 21,00\u20ac carte APHR)<br>\u25a1 Retrait\u00e9s ext\u00e9rieurs : 70,00\u20ac (dont 21,00\u20ac carte APHR<\/p>\n\n\n\n<p><strong>Le Bureau,<\/strong><\/p>\n\n\n\n<p><strong>Gilles LEBLOND,<\/strong><\/p>\n\n\n\n<p><strong>Myriam NELSON&nbsp;<\/strong><\/p>\n\n\n\n<p><strong>06 89 54 06 03<\/strong><\/p>\n\n\n\n<div class=\"wp-block-file\"><a id=\"wp-block-file--media-d2f0e995-94a9-4dce-a00f-807701a2541c\" href=\"https:\/\/www.aphr.fr\/wp-content\/uploads\/2026\/02\/Fcihe-inscription-YOGA-2026.pdf\">Fcihe inscription YOGA 2026<\/a><a href=\"https:\/\/www.aphr.fr\/wp-content\/uploads\/2026\/02\/Fcihe-inscription-YOGA-2026.pdf\" class=\"wp-block-file__button wp-element-button\" download aria-describedby=\"wp-block-file--media-d2f0e995-94a9-4dce-a00f-807701a2541c\">T\u00e9l\u00e9charger<\/a><\/div>\n\n\n<div class=\"wp-block-image is-style-default\">\n<figure class=\"aligncenter size-large\"><a href=\"https:\/\/www.aphr.fr\/wp-content\/uploads\/2021\/06\/yoga-dvd-download-routine.jpg\"><img loading=\"lazy\" decoding=\"async\" width=\"400\" height=\"301\" src=\"https:\/\/www.aphr.fr\/wp-content\/uploads\/2021\/06\/yoga-dvd-download-routine.jpg\" alt=\"\" class=\"wp-image-5810\"\/><\/a><\/figure>\n<\/div>","protected":false},"excerpt":{"rendered":"<p>Lundi De 17h30 \u00e0 19h00OUVendredi De 17h30 \u00e0 19h00 Bonjour, Tout d\u2019abord, nous esp\u00e9rons que vous et vos proches vous vous portez bien et que cette p\u00e9riode in\u00e9dite et tr\u00e8s [&hellip;]<\/p>\n","protected":false},"author":8,"featured_media":0,"parent":0,"menu_order":0,"comment_status":"closed","ping_status":"closed","template":"","meta":{"footnotes":""},"class_list":["post-5798","page","type-page","status-publish","hentry"],"jetpack_sharing_enabled":true,"_links":{"self":[{"href":"https:\/\/www.aphr.fr\/index.php?rest_route=\/wp\/v2\/pages\/5798","targetHints":{"allow":["GET"]}}],"collection":[{"href":"https:\/\/www.aphr.fr\/index.php?rest_route=\/wp\/v2\/pages"}],"about":[{"href":"https:\/\/www.aphr.fr\/index.php?rest_route=\/wp\/v2\/types\/page"}],"author":[{"embeddable":true,"href":"https:\/\/www.aphr.fr\/index.php?rest_route=\/wp\/v2\/users\/8"}],"replies":[{"embeddable":true,"href":"https:\/\/www.aphr.fr\/index.php?rest_route=%2Fwp%2Fv2%2Fcomments&post=5798"}],"version-history":[{"count":13,"href":"https:\/\/www.aphr.fr\/index.php?rest_route=\/wp\/v2\/pages\/5798\/revisions"}],"predecessor-version":[{"id":7597,"href":"https:\/\/www.aphr.fr\/index.php?rest_route=\/wp\/v2\/pages\/5798\/revisions\/7597"}],"wp:attachment":[{"href":"https:\/\/www.aphr.fr\/index.php?rest_route=%2Fwp%2Fv2%2Fmedia&parent=5798"}],"curies":[{"name":"wp","href":"https:\/\/api.w.org\/{rel}","templated":true}]}}